{"id":439,"date":"2019-11-29T11:16:55","date_gmt":"2019-11-29T10:16:55","guid":{"rendered":"https:\/\/www.deutsch-coach-nuernberg-fuerth-erlangen.de\/de\/?page_id=439"},"modified":"2024-06-18T15:32:04","modified_gmt":"2024-06-18T13:32:04","slug":"impressum","status":"publish","type":"page","link":"https:\/\/www.deutsch-coach-nuernberg-fuerth-erlangen.de\/de\/impressum\/","title":{"rendered":"Impressum"},"content":{"rendered":"<div id='story'  class='avia-section main_color avia-section-huge avia-no-border-styling  av-parallax-section avia-bg-style-parallax  avia-builder-el-0  avia-builder-el-no-sibling   container_wrap fullsize' style=' '  data-section-bg-repeat='no-repeat'><div class='av-parallax' data-avia-parallax-ratio='0.3' ><div class='av-parallax-inner main_color  avia-full-stretch' style = 'background-repeat: no-repeat; background-image: url(https:\/\/www.deutsch-coach-nuernberg-fuerth-erlangen.de\/de\/wp-content\/uploads\/sites\/2\/2019\/11\/coaching-laue.jpg);background-attachment: scroll; background-position: center center; ' ><\/div><\/div><div class='container' ><main  role=\"main\" itemprop=\"mainContentOfPage\"  class='template-page content  av-content-full alpha units'><div class='post-entry post-entry-type-page post-entry-439'><div class='entry-content-wrapper clearfix'>\n<div  style='padding-bottom:10px; font-size:60px;' class='av-special-heading av-special-heading-h3  blockquote modern-quote modern-centered  avia-builder-el-1  el_before_av_hr  avia-builder-el-first  av-inherit-size '><h3 class='av-special-heading-tag '  itemprop=\"headline\"  >Impressum<\/h3><div class='special-heading-border'><div class='special-heading-inner-border' ><\/div><\/div><\/div>\n<div  style=' margin-top:30px; margin-bottom:30px;'  class='hr hr-custom hr-center hr-icon-yes   avia-builder-el-2  el_after_av_heading  el_before_av_one_full '><span class='hr-inner  inner-border-av-border-thin' style=' width:150px; max-width:45%;' ><span class='hr-inner-style'><\/span><\/span><span class='av-seperator-icon' style='color:#c4b256;' aria-hidden='true' data-av_icon='\ue809' data-av_iconfont='entypo-fontello'><\/span><span class='hr-inner  inner-border-av-border-thin' style=' width:150px; max-width:45%;' ><span class='hr-inner-style'><\/span><\/span><\/div>\n<div class=\"flex_column av_one_full  av-animated-generic bottom-to-top  flex_column_div av-zero-column-padding first  avia-builder-el-3  el_after_av_hr  el_before_av_one_full  \" style='border-radius:0px; '><section class=\"av_textblock_section \"  itemscope=\"itemscope\" itemtype=\"https:\/\/schema.org\/CreativeWork\" ><div class='avia_textblock  '   itemprop=\"text\" ><p><strong>W.J.L COACHING<\/strong><br \/>\nWido-Jochen Laue<br \/>\nAm Br\u00fcnnfeld 39<br \/>\n90513 Zirndorf<\/p>\n<p><strong>Kontakt<\/strong><br \/>\nTelefon: 01 76 \u2013 61 55 39 29<br \/>\nE-Mail: <a href=\"mailto:mail@deutsch-coach.info\">mail@deutsch-coach.info<\/a><\/p>\n<p><strong>Umsatzsteuer-ID<\/strong><br \/>\nUmsatzsteuer-Identifikationsnummer gem\u00e4\u00df \u00a727 a Umsatzsteuergesetz:<br \/>\nDE327566887<\/p>\n<p><strong>Streitschlichtung<\/strong><br \/>\nDie Europ\u00e4ische Kommission stellt eine Plattform zur Online-Streitbeilegung (OS) bereit: <a href=\"https:\/\/ec.europa.eu\/consumers\/odr\" target=\"_blank\" rel=\"noopener\">https:\/\/ec.europa.eu\/consumers\/odr<\/a>.<\/p>\n<p>Unsere E-Mail-Adresse finden Sie oben im Impressum. Wir sind nicht bereit oder verpflichtet, an Streitbeilegungsverfahren vor einer Verbraucherschlichtungsstelle teilzunehmen.<\/p>\n<p><strong>Haftung f\u00fcr Inhalte<\/strong><\/p>\n<p>Als Diensteanbieter sind wir gem\u00e4\u00df \u00a7 7 Abs.1 TMG f\u00fcr eigene Inhalte auf diesen Seiten nach den allgemeinen Gesetzen verantwortlich. Nach \u00a7\u00a7 8 bis 10 TMG sind wir als Diensteanbieter jedoch nicht verpflichtet, \u00fcbermittelte oder gespeicherte fremde Informationen zu \u00fcberwachen oder nach Umst\u00e4nden zu forschen, die auf eine rechtswidrige T\u00e4tigkeit hinweisen.<\/p>\n<p>Verpflichtungen zur Entfernung oder Sperrung der Nutzung von Informationen nach den allgemeinen Gesetzen bleiben hiervon unber\u00fchrt. Eine diesbez\u00fcgliche Haftung ist jedoch erst ab dem Zeitpunkt der Kenntnis einer konkreten Rechtsverletzung m\u00f6glich. Bei Bekanntwerden von entsprechenden Rechtsverletzungen werden wir diese Inhalte umgehend entfernen.<\/p>\n<p><strong>Haftung f\u00fcr Links<\/strong><\/p>\n<p>Unser Angebot enth\u00e4lt Links zu externen Websites Dritter, auf deren Inhalte wir keinen Einfluss haben. Deshalb k\u00f6nnen wir f\u00fcr diese fremden Inhalte auch keine Gew\u00e4hr \u00fcbernehmen. F\u00fcr die Inhalte der verlinkten Seiten ist stets der jeweilige Anbieter oder Betreiber der Seiten verantwortlich. Die verlinkten Seiten wurden zum Zeitpunkt der Verlinkung auf m\u00f6gliche Rechtsverst\u00f6\u00dfe \u00fcberpr\u00fcft. Rechtswidrige Inhalte waren zum Zeitpunkt der Verlinkung nicht erkennbar.<\/p>\n<p>Eine permanente inhaltliche Kontrolle der verlinkten Seiten ist jedoch ohne konkrete Anhaltspunkte einer Rechtsverletzung nicht zumutbar. Bei Bekanntwerden von Rechtsverletzungen werden wir derartige Links umgehend entfernen.<\/p>\n<p><strong>Urheberrecht<\/strong><\/p>\n<p>Die durch die Seitenbetreiber erstellten Inhalte und Werke auf diesen Seiten unterliegen dem deutschen Urheberrecht. Die Vervielf\u00e4ltigung, Bearbeitung, Verbreitung und jede Art der Verwertung au\u00dferhalb der Grenzen des Urheberrechtes bed\u00fcrfen der schriftlichen Zustimmung des jeweiligen Autors bzw. Erstellers. Downloads und Kopien dieser Seite sind nur f\u00fcr den privaten, nicht kommerziellen Gebrauch gestattet.<\/p>\n<p>Soweit die Inhalte auf dieser Seite nicht vom Betreiber erstellt wurden, werden die Urheberrechte Dritter beachtet. Insbesondere werden Inhalte Dritter als solche gekennzeichnet. Sollten Sie trotzdem auf eine Urheberrechtsverletzung aufmerksam werden, bitten wir um einen entsprechenden Hinweis. Bei Bekanntwerden von Rechtsverletzungen werden wir derartige Inhalte umgehend entfernen.<\/p>\n<\/div><\/section><\/div><div class=\"flex_column av_one_full  av-animated-generic bottom-to-top  flex_column_div av-zero-column-padding first  avia-builder-el-5  el_after_av_one_full  el_before_av_one_full  column-top-margin\" style='border-radius:0px; '><section class=\"av_textblock_section \"  itemscope=\"itemscope\" itemtype=\"https:\/\/schema.org\/CreativeWork\" ><div class='avia_textblock  '   itemprop=\"text\" ><p><strong>Bildnachweise<\/strong><\/p>\n<p>\u27a6 Startseite:<\/p>\n<p>Sliderbild 1: baranq \u2013 stock.adobe.com<br \/>\nSliderbild 2: Animaflora PicsStock \u2013 stock.adobe.com<br \/>\nSliderbild 3: BillionPhotos.com \u2013 stock.adobe.com<br \/>\nHintergrundbild &#8222;Darf ich mich vorstellen?&#8220;: REDPIXEL \u2013 stock.adobe.com<br \/>\nHintergrundbild &#8222;Mein Weg zum Coach&#8220;: Blue Planet Studio \u2013 stock.adobe.com<br \/>\nHintergrundbild &#8222;Erfahrung&#8220;: fizkes \u2013 stock.adobe.com<br \/>\nHintergrundbild &#8222;Mein Angebot&#8220;: kasto \u2013 stock.adobe.com<br \/>\nHintergrundbild &#8222;Kontakt&#8220;: airdone \u2013 stock.adobe.com<\/p>\n<p>\u27a6 Impressum und Datenschutzerkl\u00e4rung:<br \/>\nHintergrundbild: REDPIXEL \u2013 stock.adobe.com<\/p>\n<\/div><\/section><\/div><div class=\"flex_column av_one_full  av-animated-generic bottom-to-top  flex_column_div av-zero-column-padding first  avia-builder-el-7  el_after_av_one_full  avia-builder-el-last  column-top-margin\" style='border-radius:0px; '><section class=\"av_textblock_section \"  itemscope=\"itemscope\" itemtype=\"https:\/\/schema.org\/CreativeWork\" ><div class='avia_textblock  '   itemprop=\"text\" ><p><a href=\"\/de\/datenschutzerklaerung\/\">\u27a6 Datenschutz<\/a><\/p>\n<\/div><\/section><\/div>\n","protected":false},"excerpt":{"rendered":"","protected":false},"author":1,"featured_media":0,"parent":0,"menu_order":0,"comment_status":"closed","ping_status":"closed","template":"","meta":{"footnotes":""},"class_list":["post-439","page","type-page","status-publish","hentry"],"yoast_head":"<!-- This site is optimized with the Yoast SEO plugin v27.0 - https:\/\/yoast.com\/product\/yoast-seo-wordpress\/ -->\n<title>Impressum - W.J.L COACHING Deutsch Coach N\u00fcrnberg F\u00fcrth<\/title>\n<meta name=\"description\" content=\"Hier finden Sie unser Impressum: W.J.L COACHING Deutsch-Coach in N\u00fcrnberg, F\u00fcrth, Erlangen und Forchheim. Tel. 01 76 \u2013 61 55 39 29, mail@deutsch-coach.info\" \/>\n<meta name=\"robots\" content=\"index, follow, max-snippet:-1, max-image-preview:large, max-video-preview:-1\" \/>\n<link rel=\"canonical\" href=\"https:\/\/www.deutsch-coach-nuernberg-fuerth-erlangen.de\/de\/impressum\/\" \/>\n<meta property=\"og:locale\" content=\"de_DE\" \/>\n<meta property=\"og:type\" content=\"article\" \/>\n<meta property=\"og:title\" content=\"Impressum - W.J.L COACHING Deutsch Coach N\u00fcrnberg F\u00fcrth\" \/>\n<meta property=\"og:description\" content=\"Hier finden Sie unser Impressum: W.J.L COACHING Deutsch-Coach in N\u00fcrnberg, F\u00fcrth, Erlangen und Forchheim. Tel. 01 76 \u2013 61 55 39 29, mail@deutsch-coach.info\" \/>\n<meta property=\"og:url\" content=\"https:\/\/www.deutsch-coach-nuernberg-fuerth-erlangen.de\/de\/impressum\/\" \/>\n<meta property=\"og:site_name\" content=\"W.J.L COACHING\" \/>\n<meta property=\"article:modified_time\" content=\"2024-06-18T13:32:04+00:00\" \/>\n<meta name=\"twitter:card\" content=\"summary_large_image\" \/>\n<meta name=\"twitter:label1\" content=\"Gesch\u00e4tzte Lesezeit\" \/>\n\t<meta name=\"twitter:data1\" content=\"4\u00a0Minuten\" \/>\n<script type=\"application\/ld+json\" class=\"yoast-schema-graph\">{\"@context\":\"https:\/\/schema.org\",\"@graph\":[{\"@type\":\"WebPage\",\"@id\":\"https:\/\/www.deutsch-coach-nuernberg-fuerth-erlangen.de\/de\/impressum\/\",\"url\":\"https:\/\/www.deutsch-coach-nuernberg-fuerth-erlangen.de\/de\/impressum\/\",\"name\":\"Impressum - W.J.L COACHING Deutsch Coach N\u00fcrnberg F\u00fcrth\",\"isPartOf\":{\"@id\":\"https:\/\/www.deutsch-coach-nuernberg-fuerth-erlangen.de\/de\/#website\"},\"datePublished\":\"2019-11-29T10:16:55+00:00\",\"dateModified\":\"2024-06-18T13:32:04+00:00\",\"description\":\"Hier finden Sie unser Impressum: W.J.L COACHING Deutsch-Coach in N\u00fcrnberg, F\u00fcrth, Erlangen und Forchheim. Tel. 01 76 \u2013 61 55 39 29, mail@deutsch-coach.info\",\"breadcrumb\":{\"@id\":\"https:\/\/www.deutsch-coach-nuernberg-fuerth-erlangen.de\/de\/impressum\/#breadcrumb\"},\"inLanguage\":\"de\",\"potentialAction\":[{\"@type\":\"ReadAction\",\"target\":[\"https:\/\/www.deutsch-coach-nuernberg-fuerth-erlangen.de\/de\/impressum\/\"]}]},{\"@type\":\"BreadcrumbList\",\"@id\":\"https:\/\/www.deutsch-coach-nuernberg-fuerth-erlangen.de\/de\/impressum\/#breadcrumb\",\"itemListElement\":[{\"@type\":\"ListItem\",\"position\":1,\"name\":\"Startseite\",\"item\":\"https:\/\/www.deutsch-coach-nuernberg-fuerth-erlangen.de\/de\/\"},{\"@type\":\"ListItem\",\"position\":2,\"name\":\"Impressum\"}]},{\"@type\":\"WebSite\",\"@id\":\"https:\/\/www.deutsch-coach-nuernberg-fuerth-erlangen.de\/de\/#website\",\"url\":\"https:\/\/www.deutsch-coach-nuernberg-fuerth-erlangen.de\/de\/\",\"name\":\"W.J.L COACHING\",\"description\":\"Ihr Deutsch-Coach in N\u00fcrnberg, F\u00fcrth, Erlangen und Forchheim\",\"potentialAction\":[{\"@type\":\"SearchAction\",\"target\":{\"@type\":\"EntryPoint\",\"urlTemplate\":\"https:\/\/www.deutsch-coach-nuernberg-fuerth-erlangen.de\/de\/?s={search_term_string}\"},\"query-input\":{\"@type\":\"PropertyValueSpecification\",\"valueRequired\":true,\"valueName\":\"search_term_string\"}}],\"inLanguage\":\"de\"}]}<\/script>\n<!-- \/ Yoast SEO plugin. -->","yoast_head_json":{"title":"Impressum - W.J.L COACHING Deutsch Coach N\u00fcrnberg F\u00fcrth","description":"Hier finden Sie unser Impressum: W.J.L COACHING Deutsch-Coach in N\u00fcrnberg, F\u00fcrth, Erlangen und Forchheim. Tel. 01 76 \u2013 61 55 39 29, mail@deutsch-coach.info","robots":{"index":"index","follow":"follow","max-snippet":"max-snippet:-1","max-image-preview":"max-image-preview:large","max-video-preview":"max-video-preview:-1"},"canonical":"https:\/\/www.deutsch-coach-nuernberg-fuerth-erlangen.de\/de\/impressum\/","og_locale":"de_DE","og_type":"article","og_title":"Impressum - W.J.L COACHING Deutsch Coach N\u00fcrnberg F\u00fcrth","og_description":"Hier finden Sie unser Impressum: W.J.L COACHING Deutsch-Coach in N\u00fcrnberg, F\u00fcrth, Erlangen und Forchheim. Tel. 01 76 \u2013 61 55 39 29, mail@deutsch-coach.info","og_url":"https:\/\/www.deutsch-coach-nuernberg-fuerth-erlangen.de\/de\/impressum\/","og_site_name":"W.J.L COACHING","article_modified_time":"2024-06-18T13:32:04+00:00","twitter_card":"summary_large_image","twitter_misc":{"Gesch\u00e4tzte Lesezeit":"4\u00a0Minuten"},"schema":{"@context":"https:\/\/schema.org","@graph":[{"@type":"WebPage","@id":"https:\/\/www.deutsch-coach-nuernberg-fuerth-erlangen.de\/de\/impressum\/","url":"https:\/\/www.deutsch-coach-nuernberg-fuerth-erlangen.de\/de\/impressum\/","name":"Impressum - W.J.L COACHING Deutsch Coach N\u00fcrnberg F\u00fcrth","isPartOf":{"@id":"https:\/\/www.deutsch-coach-nuernberg-fuerth-erlangen.de\/de\/#website"},"datePublished":"2019-11-29T10:16:55+00:00","dateModified":"2024-06-18T13:32:04+00:00","description":"Hier finden Sie unser Impressum: W.J.L COACHING Deutsch-Coach in N\u00fcrnberg, F\u00fcrth, Erlangen und Forchheim. Tel. 01 76 \u2013 61 55 39 29, mail@deutsch-coach.info","breadcrumb":{"@id":"https:\/\/www.deutsch-coach-nuernberg-fuerth-erlangen.de\/de\/impressum\/#breadcrumb"},"inLanguage":"de","potentialAction":[{"@type":"ReadAction","target":["https:\/\/www.deutsch-coach-nuernberg-fuerth-erlangen.de\/de\/impressum\/"]}]},{"@type":"BreadcrumbList","@id":"https:\/\/www.deutsch-coach-nuernberg-fuerth-erlangen.de\/de\/impressum\/#breadcrumb","itemListElement":[{"@type":"ListItem","position":1,"name":"Startseite","item":"https:\/\/www.deutsch-coach-nuernberg-fuerth-erlangen.de\/de\/"},{"@type":"ListItem","position":2,"name":"Impressum"}]},{"@type":"WebSite","@id":"https:\/\/www.deutsch-coach-nuernberg-fuerth-erlangen.de\/de\/#website","url":"https:\/\/www.deutsch-coach-nuernberg-fuerth-erlangen.de\/de\/","name":"W.J.L COACHING","description":"Ihr Deutsch-Coach in N\u00fcrnberg, F\u00fcrth, Erlangen und Forchheim","potentialAction":[{"@type":"SearchAction","target":{"@type":"EntryPoint","urlTemplate":"https:\/\/www.deutsch-coach-nuernberg-fuerth-erlangen.de\/de\/?s={search_term_string}"},"query-input":{"@type":"PropertyValueSpecification","valueRequired":true,"valueName":"search_term_string"}}],"inLanguage":"de"}]}},"_links":{"self":[{"href":"https:\/\/www.deutsch-coach-nuernberg-fuerth-erlangen.de\/de\/wp-json\/wp\/v2\/pages\/439","targetHints":{"allow":["GET"]}}],"collection":[{"href":"https:\/\/www.deutsch-coach-nuernberg-fuerth-erlangen.de\/de\/wp-json\/wp\/v2\/pages"}],"about":[{"href":"https:\/\/www.deutsch-coach-nuernberg-fuerth-erlangen.de\/de\/wp-json\/wp\/v2\/types\/page"}],"author":[{"embeddable":true,"href":"https:\/\/www.deutsch-coach-nuernberg-fuerth-erlangen.de\/de\/wp-json\/wp\/v2\/users\/1"}],"replies":[{"embeddable":true,"href":"https:\/\/www.deutsch-coach-nuernberg-fuerth-erlangen.de\/de\/wp-json\/wp\/v2\/comments?post=439"}],"version-history":[{"count":16,"href":"https:\/\/www.deutsch-coach-nuernberg-fuerth-erlangen.de\/de\/wp-json\/wp\/v2\/pages\/439\/revisions"}],"predecessor-version":[{"id":561,"href":"https:\/\/www.deutsch-coach-nuernberg-fuerth-erlangen.de\/de\/wp-json\/wp\/v2\/pages\/439\/revisions\/561"}],"wp:attachment":[{"href":"https:\/\/www.deutsch-coach-nuernberg-fuerth-erlangen.de\/de\/wp-json\/wp\/v2\/media?parent=439"}],"curies":[{"name":"wp","href":"https:\/\/api.w.org\/{rel}","templated":true}]}}